{"id":15,"date":"2019-02-15T21:36:33","date_gmt":"2019-02-15T21:36:33","guid":{"rendered":"http:\/\/edu-care.pl\/?page_id=15"},"modified":"2020-04-28T06:00:44","modified_gmt":"2020-04-28T06:00:44","slug":"statut","status":"publish","type":"page","link":"http:\/\/edu-care.pl\/?page_id=15","title":{"rendered":"Statut"},"content":{"rendered":"<p style=\"text-align: center;\">STATUT<\/p>\n<p style=\"text-align: center;\">Fundacji Edu-Care Ma\u0142gorzaty Iwa\u0144skiej<\/p>\n<p style=\"text-align: center;\"><strong>POSTANOWIENIA OG\u00d3LNE<\/strong><\/p>\n<p style=\"text-align: center;\"><strong>\u00a71<\/strong><\/p>\n<ol>\n<li>Fundacja Edu-Care Ma\u0142gorzaty Iwa\u0144skiej, zwana dalej Fundacj\u0105, ustanowiona przez fundator\u00f3w: Miko\u0142aja Iwa\u0144skiego, Rafa\u0142a Iwa\u0144skiego i Ew\u0119 Iwa\u0144sk\u0105, aktem notarialnym sporz\u0105dzonym w dniu 13 grudnia 2018 r. przez Alicj\u0119 \u017bmudzk\u0105 \u2013 Mielnik - notariusza w S\u0142upsku w Kancelarii Notarialnej w S\u0142upsku przy ul. Wojska Polskiego 38\/2, za numerem Repertorium \u201eA\u201d 3153 \/ 2018 dzia\u0142a na podstawie przepis\u00f3w Ustawy z dnia 6 kwietnia 1984 r. o fundacjach, przepis\u00f3w prawa polskiego oraz niniejszego Statutu.<\/li>\n<li>Fundacja posiada osobowo\u015b\u0107 prawn\u0105.<\/li>\n<li>Nadz\u00f3r nad Fundacj\u0105 sprawuje Minister Edukacji Narodowej i Minister Rodziny Pracy i Polityki Spo\u0142ecznej.<\/li>\n<\/ol>\n<p style=\"text-align: center;\"><strong>\u00a72<\/strong><\/p>\n<ol>\n<li>Siedzib\u0105 Fundacji jest miasto S\u0142upsk.<\/li>\n<li>Fundacja dzia\u0142a na terytorium Rzeczpospolitej Polskiej, przy czym w zakresie niezb\u0119dnym dla w\u0142a\u015bciwego realizowania cel\u00f3w mo\u017ce ona prowadzi\u0107 dzia\u0142alno\u015b\u0107 tak\u017ce poza granicami Rzeczpospolitej Polskiej.<\/li>\n<li>Czas dzia\u0142ania Fundacji jest nieograniczony.<\/li>\n<\/ol>\n<p style=\"text-align: center;\"><strong>MISJA, CELE, ZADANIA FUNDACJI<\/strong><\/p>\n<p style=\"text-align: center;\"><strong> \u00a73<\/strong><\/p>\n<p>Misj\u0105 Fundacji jest wspieranie edukacji, rozwoju zawodowego, przedsi\u0119biorczo\u015bci i kszta\u0142cenia ustawicznego oraz aktywizacji spo\u0142ecznej dzieci, m\u0142odzie\u017cy i os\u00f3b doros\u0142ych, a tak\u017ce pomoc i wsparcie osobom zagro\u017conym marginalizacj\u0105 i wykluczeniem spo\u0142ecznym.<\/p>\n<p style=\"text-align: center;\"><strong> \u00a74<\/strong><\/p>\n<p>Cele Fundacji:<\/p>\n<ol>\n<li>Wspieranie rozwoju edukacji dzieci, m\u0142odzie\u017cy i os\u00f3b doros\u0142ych.<\/li>\n<li>Tworzenie warunk\u00f3w wyr\u00f3wnywania szans edukacyjnych.<\/li>\n<li>Podejmowanie dzia\u0142a\u0144 z zakresu aktywizacji zawodowej i spo\u0142ecznej m\u0142odzie\u017cy oraz os\u00f3b doros\u0142ych.<\/li>\n<li>Pomoc osobom bezrobotnym, zagro\u017conym wykluczeniem spo\u0142ecznym, niepe\u0142nosprawnym oraz osobom w trudnej sytuacji \u017cyciowej i materialnej.<\/li>\n<li>Wspieranie rozwoju przedsi\u0119biorczo\u015bci.<\/li>\n<li>Tworzenie i wsp\u00f3\u0142udzia\u0142 w tworzeniu o\u015brodk\u00f3w naukowo -dydaktycznych, szk\u00f3\u0142 i plac\u00f3wek szkolno-wychowawczych.<\/li>\n<li>Prowadzenie dzia\u0142a\u0144 wspomagaj\u0105cych rozw\u00f3j spo\u0142eczno\u015bci lokalnych i instytucji dzia\u0142aj\u0105cych na rzecz dobra publicznego w r\u00f3\u017cnych dziedzinach \u017cycia spo\u0142ecznego: edukacja, nauka, kultura, sport, informacja, integracja, przedsi\u0119biorczo\u015b\u0107, opieka i pomoc spo\u0142eczna, ochrona \u015brodowiska.<\/li>\n<li>Turystyka i krajoznawstwo.<\/li>\n<li>Podtrzymywanie i upowszechnianie tradycji narodowej, piel\u0119gnowanie polsko\u015bci oraz oraz rozwoju \u015bwiadomo\u015bci narodowej, obywatelskiej i kulturowej.<\/li>\n<li>Upowszechnianie i ochrona wolno\u015bci i praw cz\u0142owieka oraz swob\u00f3d obywatelskich, a tak\u017ce dzia\u0142a\u0144 wspomagaj\u0105cych rozw\u00f3j demokracji.<\/li>\n<li>Wolontariat i dzia\u0142alno\u015b\u0107 charytatywna.<\/li>\n<\/ol>\n<p style=\"text-align: center;\"><strong>\u00a75<\/strong><\/p>\n<p>Cele okre\u015blone w \u00a7 4 Fundacja realizuje poprzez:<\/p>\n<ol>\n<li>Prowadzenie szk\u00f3\u0142, plac\u00f3wek szkolno-wychowawczych, o\u015brodk\u00f3w kszta\u0142cenia i doskonalenia zawodowego, plac\u00f3wek doskonalenia nauczycieli.<\/li>\n<li>Upowszechnianie wiedzy, kultury i informacji, kszta\u0142towanie umiej\u0119tno\u015bci kluczowych i post\u0119powania w zakresie ochrony \u015brodowiska.<\/li>\n<li>Organizacj\u0119 r\u00f3\u017cnych form zaj\u0119\u0107 i wypoczynku dzieci i m\u0142odzie\u017cy.<\/li>\n<li>Prowadzenie poradnictwa zawodowego i konsultacji w zakresie m.in. ekonomii, przedsi\u0119biorczo\u015bci i prawa.<\/li>\n<li>Organizowanie pomocy stypendialnej oraz nagr\u00f3d dla uczni\u00f3w szk\u00f3\u0142, b\u0119d\u0105cych w trudnej sytuacji materialnej oraz osi\u0105gaj\u0105cych wysokie wyniki w nauce.<\/li>\n<li>Popularyzacj\u0119 wiedzy i podnoszenie kwalifikacji zawodowych os\u00f3b doros\u0142ych w formach szkolnych i pozaszkolnych.<\/li>\n<li>Organizowanie kurs\u00f3w, szkole\u0144, konferencji, seminari\u00f3w, sympozj\u00f3w, pokaz\u00f3w, odczyt\u00f3w, wystaw.<\/li>\n<li>Nauk\u0119 j\u0119zyk\u00f3w obcych.<\/li>\n<li>Podejmowanie dzia\u0142a\u0144 z zakresu integracji, opieki i pomocy spo\u0142ecznej.<\/li>\n<li>Tworzenie i prowadzenie dzia\u0142alno\u015bci naukowej i wydawniczej<\/li>\n<li>Produkcj\u0119 oraz rozpowszechnianie film\u00f3w, audycji telewizyjnych i radiowych<\/li>\n<li>Tworzenie i opracowywanie, wsp\u00f3\u0142udzia\u0142 oraz realizacj\u0119 program\u00f3w wsp\u00f3\u0142finansowanych ze \u015brodk\u00f3w Unii Europejskiej i innych program\u00f3w.<\/li>\n<li>Badania naukowe oraz prace rozwojowe w dziedzinie ekologii, nauk spo\u0142ecznych i humanistycznych .<\/li>\n<li>Rozpowszechnianie tradycji kaszubskich.<\/li>\n<li>Wspieranie obcokrajowc\u00f3w.<\/li>\n<li>Wsp\u00f3\u0142prac\u0119 z pokrewnymi stowarzyszeniami, fundacjami, instytucjami rz\u0105dowymi i samorz\u0105dowymi.<\/li>\n<li>Organizowanie i wspieranie imprez turystycznych i krajoznawczych oraz innych podmiot\u00f3w w tym zakresie.<\/li>\n<li>Edukacja i dzia\u0142ania kulturalne.<\/li>\n<li>Wszelkie dzia\u0142ania na rzecz wspierania rozwoju wsp\u00f3lnot i mniejszo\u015bci narodowych.<\/li>\n<li>Promocja i organizacja zbi\u00f3rek publicznych i wolontariatu.<\/li>\n<\/ol>\n<p style=\"text-align: center;\"><strong> \u00a76<\/strong><\/p>\n<p>Dzia\u0142alno\u015b\u0107 Fundacji mo\u017ce by\u0107 prowadzona zar\u00f3wno jako odp\u0142atna jak i nieodp\u0142atna.<\/p>\n<p style=\"text-align: center;\"><strong>MAJ\u0104TEK I DOCHODY FUNDACJI<\/strong><\/p>\n<p style=\"text-align: center;\"><strong> \u00a77<\/strong><\/p>\n<p>Na realizacj\u0119 cel\u00f3w Fundacji Fundatorzy przeznaczaj\u0105 6.000,00 z\u0142 z tego na prowadzenie dzia\u0142alno\u015bci gospodarczej przez Fundacj\u0119 Fundatorzy przeznaczaj\u0105 1.000,00 z\u0142.<\/p>\n<p style=\"text-align: center;\"><strong> \u00a78<\/strong><\/p>\n<ol start=\"2\">\n<li>\u015arodki na realizacj\u0119 cel\u00f3w Fundacji i pokrycie koszt\u00f3w jej dzia\u0142alno\u015bci mog\u0105 pochodzi\u0107 z:\n<ul>\n<li>funduszu za\u0142o\u017cycielskiego;<\/li>\n<li>dotacji, grant\u00f3w i subwencji;<\/li>\n<li>darowizn, spadk\u00f3w, zapis\u00f3w, papier\u00f3w warto\u015bciowych oraz rzeczy ruchomych i nieruchomo\u015bci przekazanych na rzecz Fundacji przez osoby fizyczne i prawne;<\/li>\n<li>dochod\u00f3w ze zbi\u00f3rek publicznych, loterii i aukcji;<\/li>\n<li>dochod\u00f3w z dzia\u0142alno\u015bci gospodarczej;<\/li>\n<li>dochod\u00f3w z maj\u0105tku;<\/li>\n<li>odsetek i depozyt\u00f3w bankowych.<\/li>\n<\/ul>\n<\/li>\n<li>Darowizny, spadki i zapisy mog\u0105 by\u0107 u\u017cyte na realizacj\u0119 wszystkich cel\u00f3w Fundacji, o ile ofiarodawcy nie postanowili inaczej. Jednak\u017ce postanowienie ofiarodawc\u00f3w nie mo\u017ce by\u0107 sprzeczne z celami statutowymi Fundacji.<\/li>\n<li>Zabrania si\u0119:<\/li>\n<li>a) udzielania po\u017cyczek lub zabezpieczania zobowi\u0105za\u0144 maj\u0105tkiem organizacji w stosunku do jej cz\u0142onk\u00f3w, cz\u0142onk\u00f3w organ\u00f3w lub pracownik\u00f3w oraz os\u00f3b, z kt\u00f3rymi pracownicy pozostaj\u0105 w zwi\u0105zku ma\u0142\u017ce\u0144skim albo w stosunku pokrewie\u0144stwa lub powinowactwa w linii prostej, pokrewie\u0144stwa lub powinowactwa w linii bocznej do drugiego stopnia albo s\u0105 zwi\u0105zani z tytu\u0142u przysposobienia, opieki lub kurateli, zwanych dalej \"osobami bliskimi\",<\/li>\n<li>b) przekazywania ich maj\u0105tku na rzecz ich cz\u0142onk\u00f3w, cz\u0142onk\u00f3w organ\u00f3w lub pracownik\u00f3w oraz ich os\u00f3b bliskich, na zasadach innych ni\u017c w stosunku do os\u00f3b trzecich, w szczeg\u00f3lno\u015bci je\u017celi przekazanie to nast\u0119puje bezp\u0142atnie lub na preferencyjnych warunkach,<\/li>\n<li>c) wykorzystywania maj\u0105tku na rzecz cz\u0142onk\u00f3w, cz\u0142onk\u00f3w organ\u00f3w lub pracownik\u00f3w oraz ich os\u00f3b bliskich na zasadach innych ni\u017c w stosunku do os\u00f3b trzecich, chyba \u017ce to wykorzystanie bezpo\u015brednio wynika ze statutowego celu organizacji,<\/li>\n<li>d) zakupu na szczeg\u00f3lnych zasadach towar\u00f3w lub us\u0142ug od podmiot\u00f3w, w kt\u00f3rych uczestnicz\u0105 cz\u0142onkowie organizacji, cz\u0142onkowie jej organ\u00f3w lub pracownicy oraz ich os\u00f3b bliskich.<\/li>\n<\/ol>\n<p style=\"text-align: center;\"><strong>DZIA\u0141ALNO\u015a\u0106 GOSPODARCZA<\/strong><\/p>\n<p style=\"text-align: center;\"><strong> \u00a79<\/strong><\/p>\n<ol>\n<li>Fundacja mo\u017ce prowadzi\u0107 dzia\u0142alno\u015b\u0107 gospodarcz\u0105 bezpo\u015brednio lub poprzez wyodr\u0119bnione organizacyjnie jednostki.<\/li>\n<li>Dzia\u0142alno\u015b\u0107 gospodarcza mo\u017ce polega\u0107 r\u00f3wnie\u017c na udziale w sp\u00f3\u0142kach prawa handlowego.<\/li>\n<li>Dzia\u0142alno\u015b\u0107 gospodarcza Fundacji mo\u017ce by\u0107 prowadzona wy\u0142\u0105cznie w rozmiarach s\u0142u\u017c\u0105cych realizacji cel\u00f3w statutowych.<\/li>\n<li>Przedmiotem dzia\u0142alno\u015bci gospodarczej Fundacji jest:<\/li>\n<\/ol>\n<p>- licea og\u00f3lnokszta\u0142c\u0105ce (PKD 85.31.B);<\/p>\n<p>- technika (PKD 85.32 A);<\/p>\n<p>- bran\u017cowe szko\u0142y I stopnia (PKD 85.32.B);<\/p>\n<p>- bran\u017cowe szko\u0142y II stopnia (PKD 85.32.D);<\/p>\n<p>- szko\u0142y policealne (PKD 85.41.A);<\/p>\n<p>- pozaszkolne formy edukacji (PKD 85.5);<\/p>\n<p>- dzia\u0142alno\u015b\u0107 wspomagaj\u0105ca edukacj\u0119 (PKD 85.60.Z);<\/p>\n<p>- dzia\u0142alno\u015b\u0107 organizator\u00f3w turystyki, po\u015brednik\u00f3w i agent\u00f3w turystycznych oraz pozosta\u0142a dzia\u0142alno\u015b\u0107 us\u0142ugowa w zakresie rezerwacji i dzia\u0142alno\u015bci z ni\u0105 zwi\u0105zane (PKD 79),<\/p>\n<p>- dzia\u0142alno\u015b\u0107 firm centralnych (head offices); doradztwo zwi\u0105zane z zarz\u0105dzaniem (PKD 70);<\/p>\n<p>- dzia\u0142alno\u015b\u0107 zwi\u0105zana z administracyjn\u0105 obs\u0142ug\u0105 biura i pozosta\u0142a dzia\u0142alno\u015b\u0107 wspomagaj\u0105ca prowadzenie dzia\u0142alno\u015bci gospodarczej (PKD 82);<\/p>\n<p>- pomoc spo\u0142eczna bez zakwaterowania (PKD 88);<\/p>\n<p>- dzia\u0142alno\u015b\u0107 wydawnicza (PKD 58);<\/p>\n<p>- pozosta\u0142a dzia\u0142alno\u015b\u0107 profesjonalna, naukowa i techniczna (PKD 74);<\/p>\n<p>- badania naukowe i prace rozwojowe (PKD 72);<\/p>\n<p>- dzia\u0142alno\u015b\u0107 zwi\u0105zana z produkcj\u0105 film\u00f3w, nagra\u0144 wideo, program\u00f3w telewizyjnych, nagra\u0144 d\u017awi\u0119kowych i muzycznych (PKD 59);<\/p>\n<p>- finansowa dzia\u0142alno\u015b\u0107 us\u0142ugowa, z wy\u0142\u0105czeniem ubezpiecze\u0144 i fundusz\u00f3w emerytalnych (PKD 64).<\/p>\n<p style=\"text-align: center;\"><strong>ORGANY FUNDACJI<\/strong><\/p>\n<p style=\"text-align: center;\"><strong> \u00a710<\/strong><\/p>\n<p>Organami Fundacji s\u0105:<\/p>\n<p>1) Rada Fundacji,<\/p>\n<p>2) Zarz\u0105d Fundacji.<\/p>\n<p style=\"text-align: center;\"><strong>RADA FUNDACJI<\/strong><\/p>\n<p style=\"text-align: center;\"><strong> \u00a711<\/strong><\/p>\n<p>Rada Fundacji jest organem stanowi\u0105cym, kontrolnym i opiniuj\u0105cym Fundacji.<\/p>\n<ol>\n<li>Rada Fundacji sk\u0142ada si\u0119 z trzech do sze\u015bciu cz\u0142onk\u00f3w.<\/li>\n<li>W sk\u0142ad Rady Fundacji z mocy statutu wchodz\u0105 Fundatorzy.<\/li>\n<li>Cz\u0142onk\u00f3w pierwszego sk\u0142adu Rady powo\u0142uj\u0105 Fundatorzy. Nast\u0119pnych cz\u0142onk\u00f3w Rady na miejsce os\u00f3b, kt\u00f3re przesta\u0142y pe\u0142ni\u0107 t\u0119 funkcj\u0119, lub dla rozszerzenia sk\u0142adu Rady, powo\u0142uje sw\u0105 decyzj\u0105 Rada.<\/li>\n<li>W szczeg\u00f3lnie uzasadnionych przypadkach odwo\u0142anie cz\u0142onka Rady i przez to pozbawienie go cz\u0142onkostwa w Radzie, mo\u017ce nast\u0105pi\u0107 w wyniku uchwa\u0142y podj\u0119tej jednog\u0142o\u015bnie przez pozosta\u0142ych cz\u0142onk\u00f3w Rady Fundacji. Fundatorzy nie mog\u0105 by\u0107 w ten spos\u00f3b pozbawieni cz\u0142onkostwa w Radzie Fundacji.<\/li>\n<li>Cz\u0142onkostwo w Radzie Fundacji ustaje w przypadku pisemnej rezygnacji z cz\u0142onkostwa lub \u015bmierci cz\u0142onka Rady.<\/li>\n<li>Nie mo\u017cna \u0142\u0105czy\u0107 cz\u0142onkostwa w Radzie Fundacji z pe\u0142nieniem funkcji w Zarz\u0105dzie Fundacji lub ze stosunkiem pracy z Fundacj\u0105.<\/li>\n<li>W razie powo\u0142ania cz\u0142onka Rady Fundacji, za jego zgod\u0105, do Zarz\u0105du Fundacji lub nawi\u0105zania przez cz\u0142onka Rady Fundacji stosunku pracy z Fundacj\u0105 \u2013 cz\u0142onkostwo takiej osoby w Radzie Fundacji ulega zawieszeniu, odpowiednio na czas pe\u0142nienia funkcji lub trwania stosunku pracy.<\/li>\n<li>Rada wybiera ze swego grona Przewodnicz\u0105cego Rady. Przewodnicz\u0105cy Rady kieruje pracami Rady, reprezentuje j\u0105 na zewn\u0105trz oraz zwo\u0142uje i przewodniczy zebraniom Rady.<\/li>\n<\/ol>\n<p style=\"text-align: center;\"><strong> \u00a712<\/strong><\/p>\n<ol>\n<li>Rada Fundacji zbiera si\u0119 co najmniej raz w roku.<\/li>\n<li>Rad\u0119 Fundacji zwo\u0142uje Przewodnicz\u0105cy Rady z w\u0142asnej inicjatywy albo na wniosek Zarz\u0105du lub Fundatora, zg\u0142oszony na pi\u015bmie.<\/li>\n<li>Rada Fundacji podejmuje decyzje w formie uchwa\u0142 \u2013 zwyk\u0142\u0105 wi\u0119kszo\u015bci\u0105 g\u0142os\u00f3w, w razie r\u00f3wnej liczby g\u0142os\u00f3w decyduje g\u0142os Przewodnicz\u0105cego.<\/li>\n<\/ol>\n<p style=\"text-align: center;\"><strong> \u00a713<\/strong><\/p>\n<p>Do zada\u0144 Rady nale\u017cy w szczeg\u00f3lno\u015bci:<\/p>\n<ol>\n<li>Powo\u0142ywanie i odwo\u0142ywanie Prezesa i cz\u0142onk\u00f3w Zarz\u0105du.<\/li>\n<li>Podejmowanie decyzji o zatrudnieniu cz\u0142onk\u00f3w Zarz\u0105du i ustalanie ich wynagrodzenia.<\/li>\n<li>Ocena pracy Zarz\u0105du, przyjmowanie corocznych sprawozda\u0144 lub bilansu i udzielanie cz\u0142onkom Zarz\u0105du absolutorium.<\/li>\n<li>Kontrolowanie bie\u017c\u0105cej dzia\u0142alno\u015bci Zarz\u0105du Fundacji.<\/li>\n<li>Wytyczanie g\u0142\u00f3wnych kierunk\u00f3w dzia\u0142alno\u015bci Fundacji.<\/li>\n<li>Nadz\u00f3r nad dzia\u0142alno\u015bci\u0105 Fundacji.<\/li>\n<li>Podejmowanie na wniosek Zarz\u0105du Fundacji decyzji o po\u0142\u0105czeniu z inn\u0105 Fundacj\u0105 lub o likwidacji Fundacji.<\/li>\n<\/ol>\n<p style=\"text-align: center;\"><strong> \u00a714<\/strong><\/p>\n<p>Rada Fundacji w celu wykonania swych zada\u0144 jest uprawniona do:<\/p>\n<ol>\n<li>\u017c\u0105dania od Zarz\u0105du Fundacji przedstawienia wszelkich dokument\u00f3w dotycz\u0105cych dzia\u0142alno\u015bci Fundacji,<\/li>\n<li>dokonywania rewizji maj\u0105tku oraz kontroli finansowej Fundacji.<\/li>\n<\/ol>\n<p style=\"text-align: center;\"><strong>ZARZ\u0104D FUNDACJI<\/strong><\/p>\n<p style=\"text-align: center;\"><strong> \u00a715<\/strong><\/p>\n<ol>\n<li>W sk\u0142ad Zarz\u0105du Fundacji wchodzi od jednej do trzech os\u00f3b powo\u0142ywanych i odwo\u0142ywanych przez Rad\u0119 Fundacji w drodze uchwa\u0142y podj\u0119tej zwyk\u0142\u0105 wi\u0119kszo\u015bci\u0105 g\u0142os\u00f3w, przy obecno\u015bci co najmniej po\u0142owy og\u00f3lnej liczby cz\u0142onk\u00f3w Rady. Liczb\u0119 cz\u0142onk\u00f3w Zarz\u0105du ustala Rada Fundacji.<\/li>\n<li>Na czele Zarz\u0105du stoi Prezes Zarz\u0105du.<\/li>\n<li>Pozostali cz\u0142onkowie Zarz\u0105du powo\u0142ywani s\u0105 przez Rad\u0119 Fundacji na wniosek Prezesa Zarz\u0105du.<\/li>\n<li>Cz\u0142onkostwo w Zarz\u0105dzie wygasa na skutek \u015bmierci, choroby powoduj\u0105cej trwa\u0142\u0105 niezdolno\u015b\u0107 do sprawowania funkcji, utraty praw publicznych, zrzeczenia si\u0119 cz\u0142onkostwa lub odwo\u0142ania.<\/li>\n<li>Zarz\u0105d Fundacji mo\u017ce by\u0107 odwo\u0142any przez Rad\u0119 Fundacji.<\/li>\n<li>Je\u017celi Zarz\u0105d przestanie pe\u0142ni\u0107 swoj\u0105 funkcj\u0119, na jego miejsce Fundator powo\u0142uje nowy Zarz\u0105d.<\/li>\n<li>Posiedzenia Zarz\u0105du odbywaj\u0105 si\u0119 w miar\u0119 potrzeb nie rzadziej jednak ni\u017c raz na p\u00f3\u0142rocze.<\/li>\n<\/ol>\n<p>Zarz\u0105d podejmuje decyzje na posiedzeniach, w formie uchwa\u0142. Tryb dzia\u0142ania Zarz\u0105du okre\u015bla uchwalony przez niego regulamin.<\/p>\n<p style=\"text-align: center;\"><strong> \u00a716<\/strong><\/p>\n<ol>\n<li>Cz\u0142onkowie Zarz\u0105du mog\u0105 otrzymywa\u0107 wynagrodzenie.<\/li>\n<li>Wysoko\u015b\u0107 oraz form\u0119 wynagrodzenia okre\u015bla Rada Fundacji.<\/li>\n<\/ol>\n<p style=\"text-align: center;\"><strong> \u00a717<\/strong><\/p>\n<ol>\n<li>Zarz\u0105d kieruje dzia\u0142alno\u015bci\u0105 Fundacji i reprezentuje j\u0105 na zewn\u0105trz.<\/li>\n<li>Do zada\u0144 Zarz\u0105du nale\u017cy w szczeg\u00f3lno\u015bci:<\/li>\n<li>wyznaczanie g\u0142\u00f3wnych kierunk\u00f3w dzia\u0142ania Fundacji.<\/li>\n<li>udzielanie pe\u0142nomocnictw do prowadzenia czynno\u015bci zwyk\u0142ego zarz\u0105du<\/li>\n<li>sprawowanie zarz\u0105du nad maj\u0105tkiem Fundacji.<\/li>\n<li>tworzenie, likwidacja i nadzorowanie jednostek organizacyjnych oraz ustalanie zakresu ich dzia\u0142alno\u015bci.<\/li>\n<li>uchwalanie regulamin\u00f3w.<\/li>\n<li>przygotowywanie rocznych sprawozda\u0144 z dzia\u0142alno\u015bci oraz sprawozda\u0144 finansowych.<\/li>\n<li>ustalanie wielko\u015bci zatrudnienia i wysoko\u015bci \u015brodk\u00f3w na wynagrodzenia pracownik\u00f3w Fundacji,<\/li>\n<li>podejmowanie decyzji we wszelkich sprawach nie przekazanych do kompetencji innych organ\u00f3w,<\/li>\n<li>przyjmowanie darowizn, spadk\u00f3w i zapis\u00f3w, subwencji i dotacji,<\/li>\n<li>wyst\u0119powanie z wnioskiem i wyra\u017canie zgody w sprawie zmian statutu Fundacji, po\u0142\u0105czenia z inn\u0105 Fundacj\u0105 oraz likwidacja Fundacji.<\/li>\n<li>Zarz\u0105d podejmuje decyzje na posiedzeniach w formie uchwa\u0142 \u2013 zwyk\u0142\u0105 wi\u0119kszo\u015bci\u0105 g\u0142os\u00f3w jego cz\u0142onk\u00f3w obecnych na posiedzeniu Zarz\u0105du.<\/li>\n<li>O posiedzeniu musz\u0105 by\u0107 powiadomieni wszyscy cz\u0142onkowie Zarz\u0105du.<\/li>\n<li>Zarz\u0105d mo\u017ce powo\u0142ywa\u0107 pe\u0142nomocnik\u00f3w do kierowania wyodr\u0119bnion\u0105 sfer\u0105 spraw nale\u017c\u0105cych do zada\u0144 Fundacji.<\/li>\n<li>Zarz\u0105d co roku, do dnia 30 wrze\u015bnia, zobowi\u0105zany jest przedk\u0142ada\u0107 Radzie Fundacji Roczne sprawozdanie z dzia\u0142alno\u015bci Fundacji.<\/li>\n<\/ol>\n<p style=\"text-align: center;\"><strong>SPOS\u00d3B REPREZENTACJI<\/strong><\/p>\n<p style=\"text-align: center;\"><strong> \u00a718<\/strong><\/p>\n<p>O\u015bwiadczenia woli w imieniu Fundacji sk\u0142ada:<\/p>\n<p>- Prezes Zarz\u0105du Fundacji \u2013 jednoosobowo;<\/p>\n<p>- dwaj cz\u0142onkowie Zarz\u0105du - dzia\u0142aj\u0105cy \u0142\u0105cznie.<\/p>\n<p style=\"text-align: center;\"><strong>ZMIANA STATUTU<\/strong><\/p>\n<p style=\"text-align: center;\"><strong style=\"font-size: inherit;\"><strong>\u00a7<\/strong>19<\/strong><\/p>\n<ol>\n<li>Zmian w statucie Fundacji dokonuje Rada Fundacji za zgod\u0105 Zarz\u0105du Fundacji.<\/li>\n<li>Zmiana statutu mo\u017ce dotyczy\u0107 wszystkich zapis\u00f3w umieszczonych w statucie.<\/li>\n<\/ol>\n<p style=\"text-align: center;\"><strong>LIKWIDACJA FUNDACJI<\/strong><\/p>\n<p style=\"text-align: center;\"><strong> \u00a720<\/strong><\/p>\n<ol>\n<li>Fundacja ulega likwidacji w razie osi\u0105gni\u0119cia cel\u00f3w, dla kt\u00f3rych zosta\u0142a ustanowiona lub w razie wyczerpania si\u0119 jej \u015brodk\u00f3w finansowych i maj\u0105tku.<\/li>\n<li>Likwidator\u00f3w Fundacji powo\u0142uje i odwo\u0142uje Rada Fundacji.<\/li>\n<\/ol>\n","protected":false},"excerpt":{"rendered":"<p>STATUT Fundacji Edu-Care Ma\u0142gorzaty Iwa\u0144skiej POSTANOWIENIA OG\u00d3LNE \u00a71 Fundacja Edu-Care Ma\u0142gorzaty Iwa\u0144skiej, zwana dalej Fundacj\u0105, ustanowiona przez fundator\u00f3w: Miko\u0142aja Iwa\u0144skiego, Rafa\u0142a Iwa\u0144skiego i Ew\u0119 Iwa\u0144sk\u0105, aktem notarialnym sporz\u0105dzonym w dniu 13 grudnia 2018 r. przez Alicj\u0119 \u017bmudzk\u0105 \u2013 Mielnik - notariusza w S\u0142upsku w Kancelarii Notarialnej w S\u0142upsku przy ul. Wojska Polskiego 38\/2, za numerem <a href=\"http:\/\/edu-care.pl\/?page_id=15\" class=\"more-link\">Czytaj dalej...<span class=\"screen-reader-text\"> \"Statut\"<\/span><\/a><\/p>\n","protected":false},"author":1,"featured_media":0,"parent":0,"menu_order":0,"comment_status":"closed","ping_status":"closed","template":"","meta":[],"_links":{"self":[{"href":"http:\/\/edu-care.pl\/index.php?rest_route=\/wp\/v2\/pages\/15"}],"collection":[{"href":"http:\/\/edu-care.pl\/index.php?rest_route=\/wp\/v2\/pages"}],"about":[{"href":"http:\/\/edu-care.pl\/index.php?rest_route=\/wp\/v2\/types\/page"}],"author":[{"embeddable":true,"href":"http:\/\/edu-care.pl\/index.php?rest_route=\/wp\/v2\/users\/1"}],"replies":[{"embeddable":true,"href":"http:\/\/edu-care.pl\/index.php?rest_route=%2Fwp%2Fv2%2Fcomments&post=15"}],"version-history":[{"count":6,"href":"http:\/\/edu-care.pl\/index.php?rest_route=\/wp\/v2\/pages\/15\/revisions"}],"predecessor-version":[{"id":108,"href":"http:\/\/edu-care.pl\/index.php?rest_route=\/wp\/v2\/pages\/15\/revisions\/108"}],"wp:attachment":[{"href":"http:\/\/edu-care.pl\/index.php?rest_route=%2Fwp%2Fv2%2Fmedia&parent=15"}],"curies":[{"name":"wp","href":"https:\/\/api.w.org\/{rel}","templated":true}]}}