{"id":19,"date":"2019-02-15T21:36:53","date_gmt":"2019-02-15T21:36:53","guid":{"rendered":"http:\/\/edu-care.pl\/?page_id=19"},"modified":"2019-03-10T13:19:43","modified_gmt":"2019-03-10T13:19:43","slug":"cele-fundacji","status":"publish","type":"page","link":"http:\/\/edu-care.pl\/?page_id=19","title":{"rendered":"Cele fundacji"},"content":{"rendered":"<p style=\"text-align: justify;\"><strong>Misj\u0105 Fundacji<\/strong> jest wspieranie edukacji, rozwoju zawodowego, przedsi\u0119biorczo\u015bci\u00a0 i kszta\u0142cenia ustawicznego oraz aktywizacji spo\u0142ecznej dzieci, m\u0142odzie\u017cy i os\u00f3b doros\u0142ych, a tak\u017ce pomoc i wsparcie osobom zagro\u017conym marginalizacj\u0105 i wykluczeniem spo\u0142ecznym.<\/p>\n<p style=\"text-align: justify;\"><strong>Cele Fundacji:<\/strong><\/p>\n<ol>\n<li style=\"text-align: justify;\">Wspieranie rozwoju edukacji dzieci, m\u0142odzie\u017cy i os\u00f3b doros\u0142ych.<\/li>\n<li style=\"text-align: justify;\">Tworzenie warunk\u00f3w wyr\u00f3wnywania szans edukacyjnych.<\/li>\n<li style=\"text-align: justify;\">Podejmowanie dzia\u0142a\u0144 z zakresu aktywizacji zawodowej i spo\u0142ecznej m\u0142odzie\u017cy oraz os\u00f3b doros\u0142ych.<\/li>\n<li style=\"text-align: justify;\">Pomoc osobom bezrobotnym, zagro\u017conym wykluczeniem spo\u0142ecznym, niepe\u0142nosprawnym oraz osobom w trudnej sytuacji \u017cyciowej i materialnej.<\/li>\n<li style=\"text-align: justify;\">Wspieranie rozwoju przedsi\u0119biorczo\u015bci.<\/li>\n<li style=\"text-align: justify;\">Tworzenie i wsp\u00f3\u0142udzia\u0142 w tworzeniu o\u015brodk\u00f3w naukowo -dydaktycznych, szk\u00f3\u0142 i plac\u00f3wek szkolno-wychowawczych.<\/li>\n<li style=\"text-align: justify;\">Prowadzenie dzia\u0142a\u0144 wspomagaj\u0105cych rozw\u00f3j spo\u0142eczno\u015bci lokalnych i instytucji dzia\u0142aj\u0105cych na rzecz dobra publicznego w r\u00f3\u017cnych dziedzinach \u017cycia spo\u0142ecznego: edukacja, nauka, kultura, sport,\u00a0 informacja, integracja, przedsi\u0119biorczo\u015b\u0107, opieka i pomoc spo\u0142eczna, ochrona \u015brodowiska.<\/li>\n<\/ol>\n<p>&nbsp;<\/p>\n","protected":false},"excerpt":{"rendered":"<p>Misj\u0105 Fundacji jest wspieranie edukacji, rozwoju zawodowego, przedsi\u0119biorczo\u015bci\u00a0 i kszta\u0142cenia ustawicznego oraz aktywizacji spo\u0142ecznej dzieci, m\u0142odzie\u017cy i os\u00f3b doros\u0142ych, a tak\u017ce pomoc i wsparcie osobom zagro\u017conym marginalizacj\u0105 i wykluczeniem spo\u0142ecznym. Cele Fundacji: Wspieranie rozwoju edukacji dzieci, m\u0142odzie\u017cy i os\u00f3b doros\u0142ych. Tworzenie warunk\u00f3w wyr\u00f3wnywania szans edukacyjnych. Podejmowanie dzia\u0142a\u0144 z zakresu aktywizacji zawodowej i spo\u0142ecznej m\u0142odzie\u017cy oraz <a href=\"http:\/\/edu-care.pl\/?page_id=19\" class=\"more-link\">Czytaj dalej...<span class=\"screen-reader-text\"> \"Cele fundacji\"<\/span><\/a><\/p>\n","protected":false},"author":1,"featured_media":0,"parent":0,"menu_order":0,"comment_status":"closed","ping_status":"closed","template":"","meta":[],"_links":{"self":[{"href":"http:\/\/edu-care.pl\/index.php?rest_route=\/wp\/v2\/pages\/19"}],"collection":[{"href":"http:\/\/edu-care.pl\/index.php?rest_route=\/wp\/v2\/pages"}],"about":[{"href":"http:\/\/edu-care.pl\/index.php?rest_route=\/wp\/v2\/types\/page"}],"author":[{"embeddable":true,"href":"http:\/\/edu-care.pl\/index.php?rest_route=\/wp\/v2\/users\/1"}],"replies":[{"embeddable":true,"href":"http:\/\/edu-care.pl\/index.php?rest_route=%2Fwp%2Fv2%2Fcomments&post=19"}],"version-history":[{"count":2,"href":"http:\/\/edu-care.pl\/index.php?rest_route=\/wp\/v2\/pages\/19\/revisions"}],"predecessor-version":[{"id":30,"href":"http:\/\/edu-care.pl\/index.php?rest_route=\/wp\/v2\/pages\/19\/revisions\/30"}],"wp:attachment":[{"href":"http:\/\/edu-care.pl\/index.php?rest_route=%2Fwp%2Fv2%2Fmedia&parent=19"}],"curies":[{"name":"wp","href":"https:\/\/api.w.org\/{rel}","templated":true}]}}