{"id":21,"date":"2019-02-15T21:37:03","date_gmt":"2019-02-15T21:37:03","guid":{"rendered":"http:\/\/edu-care.pl\/?page_id=21"},"modified":"2019-03-30T11:30:02","modified_gmt":"2019-03-30T11:30:02","slug":"konferencja","status":"publish","type":"page","link":"http:\/\/edu-care.pl\/?page_id=21","title":{"rendered":"Konferencja"},"content":{"rendered":"<p><img loading=\"lazy\" class=\"size-medium wp-image-37 aligncenter\" src=\"http:\/\/edu-care.pl\/wp-content\/uploads\/2019\/03\/1-300x286.jpg\" alt=\"\" width=\"300\" height=\"286\" srcset=\"http:\/\/edu-care.pl\/wp-content\/uploads\/2019\/03\/1-300x286.jpg 300w, http:\/\/edu-care.pl\/wp-content\/uploads\/2019\/03\/1.jpg 437w\" sizes=\"(max-width: 300px) 100vw, 300px\" \/><\/p>\n<p style=\"text-align: center;\"><strong>Konferencja KFON: \u201eCo niepokoi w o\u015bwiacie\u2026\u201d<\/strong><\/p>\n<p style=\"text-align: justify;\">Konferencja KFON: \u201eCo niepokoi w o\u015bwiacie\u2026\u201d, odby\u0142a si\u0119 w dniach\u00a021\u201322 marca 2019 r., S\u0142upsku.Zorganizowana zosta\u0142a przez Zesp\u00f3\u0142 Szk\u00f3\u0142 Ponadgimnazjalnych w S\u0142upsku ul. Przemys\u0142owa 100 oraz\u00a0<strong>Fundacje Edu-Care<\/strong> Ma\u0142gorzaty Iwa\u0144skiej.<\/p>\n<p style=\"text-align: justify;\">Podczas pierwszego dnia konferencji poruszony zosta\u0142 temat \u201eWsp\u00f3\u0142pracy z samorz\u0105dem oraz organizacjami lokalnymi. Twoja plac\u00f3wka na rynku us\u0142ug edukacyjnych \u2013 praktyczne rozwi\u0105zania.\u201d. Prelekcja zosta\u0142a poprowadzona przez Pani\u0105 Ew\u0119 Szymanek \u2013 P\u0142ask\u0105, wieloletniego nauczyciela, edukatora, wyk\u0142adowc\u0119 akademickiego, szkoleniowca o\u015bwiatowych kadr zarz\u0105dzaj\u0105cych.<br \/>\nDrugi panel dotyczy\u0142 \u201eZmiany w prawie o\u015bwiatowym\u201d, poprowadzony zosta\u0142 przez Pana dr. hab. Mateusza Pilicha, adiunkta na Wydziale Prawa i Administracji Uniwersytetu Warszawskiego, cz\u0142onka Biura Studi\u00f3w i Analiz S\u0105du Najwy\u017cszego.<\/p>\n<p style=\"text-align: justify;\">Podczas drugiego dnia Pan\u00a0Grzegorz Pochopie\u0144 poprowadzi\u0142 panel pt.\u00a0\u201eUstawa o finansowaniu zada\u0144 o\u015bwiatowych\u201d. Prelegent jest autorem\u00a0min. Ustawy o finansowaniu zada\u0144 o\u015bwiatowych, wcze\u015bniej przepis\u00f3w w zakresie tzw. dotacji przedszkolnej, tzw. dotacji podr\u0119cznikowej oraz dotacji dla szk\u00f3\u0142 i plac\u00f3wek nie samorz\u0105dowych.<br \/>\nWszystkim uczestnikom konferencji dzi\u0119kujemy za tak liczne przybycie.<\/p>\n<div id='gallery-1' class='gallery galleryid-21 gallery-columns-3 gallery-size-medium'><figure class='gallery-item'>\n\t\t\t<div class='gallery-icon landscape'>\n\t\t\t\t<a href='http:\/\/edu-care.pl\/?attachment_id=55'><img width=\"300\" height=\"200\" src=\"http:\/\/edu-care.pl\/wp-content\/uploads\/2019\/03\/1-1-300x200.jpg\" class=\"attachment-medium size-medium\" alt=\"\" loading=\"lazy\" srcset=\"http:\/\/edu-care.pl\/wp-content\/uploads\/2019\/03\/1-1-300x200.jpg 300w, http:\/\/edu-care.pl\/wp-content\/uploads\/2019\/03\/1-1-768x512.jpg 768w, http:\/\/edu-care.pl\/wp-content\/uploads\/2019\/03\/1-1.jpg 900w\" sizes=\"(max-width: 300px) 100vw, 300px\" \/><\/a>\n\t\t\t<\/div><\/figure><figure class='gallery-item'>\n\t\t\t<div class='gallery-icon landscape'>\n\t\t\t\t<a href='http:\/\/edu-care.pl\/?attachment_id=56'><img width=\"300\" height=\"200\" src=\"http:\/\/edu-care.pl\/wp-content\/uploads\/2019\/03\/2-300x200.jpg\" class=\"attachment-medium size-medium\" alt=\"\" loading=\"lazy\" srcset=\"http:\/\/edu-care.pl\/wp-content\/uploads\/2019\/03\/2-300x200.jpg 300w, http:\/\/edu-care.pl\/wp-content\/uploads\/2019\/03\/2-768x512.jpg 768w, http:\/\/edu-care.pl\/wp-content\/uploads\/2019\/03\/2.jpg 900w\" sizes=\"(max-width: 300px) 100vw, 300px\" \/><\/a>\n\t\t\t<\/div><\/figure><figure class='gallery-item'>\n\t\t\t<div class='gallery-icon landscape'>\n\t\t\t\t<a href='http:\/\/edu-care.pl\/?attachment_id=57'><img width=\"300\" height=\"200\" src=\"http:\/\/edu-care.pl\/wp-content\/uploads\/2019\/03\/3-300x200.jpg\" class=\"attachment-medium size-medium\" alt=\"\" loading=\"lazy\" srcset=\"http:\/\/edu-care.pl\/wp-content\/uploads\/2019\/03\/3-300x200.jpg 300w, http:\/\/edu-care.pl\/wp-content\/uploads\/2019\/03\/3-768x512.jpg 768w, http:\/\/edu-care.pl\/wp-content\/uploads\/2019\/03\/3.jpg 900w\" sizes=\"(max-width: 300px) 100vw, 300px\" \/><\/a>\n\t\t\t<\/div><\/figure><figure class='gallery-item'>\n\t\t\t<div class='gallery-icon landscape'>\n\t\t\t\t<a href='http:\/\/edu-care.pl\/?attachment_id=58'><img width=\"300\" height=\"200\" src=\"http:\/\/edu-care.pl\/wp-content\/uploads\/2019\/03\/4-300x200.jpg\" class=\"attachment-medium size-medium\" alt=\"\" loading=\"lazy\" srcset=\"http:\/\/edu-care.pl\/wp-content\/uploads\/2019\/03\/4-300x200.jpg 300w, http:\/\/edu-care.pl\/wp-content\/uploads\/2019\/03\/4-768x512.jpg 768w, http:\/\/edu-care.pl\/wp-content\/uploads\/2019\/03\/4.jpg 900w\" sizes=\"(max-width: 300px) 100vw, 300px\" \/><\/a>\n\t\t\t<\/div><\/figure><figure class='gallery-item'>\n\t\t\t<div class='gallery-icon landscape'>\n\t\t\t\t<a href='http:\/\/edu-care.pl\/?attachment_id=59'><img width=\"300\" height=\"200\" src=\"http:\/\/edu-care.pl\/wp-content\/uploads\/2019\/03\/5-300x200.jpg\" class=\"attachment-medium size-medium\" alt=\"\" loading=\"lazy\" srcset=\"http:\/\/edu-care.pl\/wp-content\/uploads\/2019\/03\/5-300x200.jpg 300w, http:\/\/edu-care.pl\/wp-content\/uploads\/2019\/03\/5-768x512.jpg 768w, http:\/\/edu-care.pl\/wp-content\/uploads\/2019\/03\/5.jpg 900w\" sizes=\"(max-width: 300px) 100vw, 300px\" \/><\/a>\n\t\t\t<\/div><\/figure><figure class='gallery-item'>\n\t\t\t<div class='gallery-icon landscape'>\n\t\t\t\t<a href='http:\/\/edu-care.pl\/?attachment_id=60'><img width=\"300\" height=\"200\" src=\"http:\/\/edu-care.pl\/wp-content\/uploads\/2019\/03\/6-300x200.jpg\" class=\"attachment-medium size-medium\" alt=\"\" loading=\"lazy\" srcset=\"http:\/\/edu-care.pl\/wp-content\/uploads\/2019\/03\/6-300x200.jpg 300w, http:\/\/edu-care.pl\/wp-content\/uploads\/2019\/03\/6-768x512.jpg 768w, http:\/\/edu-care.pl\/wp-content\/uploads\/2019\/03\/6.jpg 900w\" sizes=\"(max-width: 300px) 100vw, 300px\" \/><\/a>\n\t\t\t<\/div><\/figure><figure class='gallery-item'>\n\t\t\t<div class='gallery-icon landscape'>\n\t\t\t\t<a href='http:\/\/edu-care.pl\/?attachment_id=61'><img width=\"300\" height=\"200\" src=\"http:\/\/edu-care.pl\/wp-content\/uploads\/2019\/03\/7-300x200.jpg\" class=\"attachment-medium size-medium\" alt=\"\" loading=\"lazy\" srcset=\"http:\/\/edu-care.pl\/wp-content\/uploads\/2019\/03\/7-300x200.jpg 300w, http:\/\/edu-care.pl\/wp-content\/uploads\/2019\/03\/7-768x512.jpg 768w, http:\/\/edu-care.pl\/wp-content\/uploads\/2019\/03\/7.jpg 900w\" sizes=\"(max-width: 300px) 100vw, 300px\" \/><\/a>\n\t\t\t<\/div><\/figure><figure class='gallery-item'>\n\t\t\t<div class='gallery-icon landscape'>\n\t\t\t\t<a href='http:\/\/edu-care.pl\/?attachment_id=62'><img width=\"300\" height=\"200\" src=\"http:\/\/edu-care.pl\/wp-content\/uploads\/2019\/03\/8-300x200.jpg\" class=\"attachment-medium size-medium\" alt=\"\" loading=\"lazy\" srcset=\"http:\/\/edu-care.pl\/wp-content\/uploads\/2019\/03\/8-300x200.jpg 300w, http:\/\/edu-care.pl\/wp-content\/uploads\/2019\/03\/8-768x512.jpg 768w, http:\/\/edu-care.pl\/wp-content\/uploads\/2019\/03\/8.jpg 900w\" sizes=\"(max-width: 300px) 100vw, 300px\" \/><\/a>\n\t\t\t<\/div><\/figure><figure class='gallery-item'>\n\t\t\t<div class='gallery-icon landscape'>\n\t\t\t\t<a href='http:\/\/edu-care.pl\/?attachment_id=63'><img width=\"300\" height=\"200\" src=\"http:\/\/edu-care.pl\/wp-content\/uploads\/2019\/03\/9-300x200.jpg\" class=\"attachment-medium size-medium\" alt=\"\" loading=\"lazy\" srcset=\"http:\/\/edu-care.pl\/wp-content\/uploads\/2019\/03\/9-300x200.jpg 300w, http:\/\/edu-care.pl\/wp-content\/uploads\/2019\/03\/9-768x512.jpg 768w, http:\/\/edu-care.pl\/wp-content\/uploads\/2019\/03\/9.jpg 900w\" sizes=\"(max-width: 300px) 100vw, 300px\" \/><\/a>\n\t\t\t<\/div><\/figure>\n\t\t<\/div>\n\n<p>&nbsp;<\/p>\n<p style=\"text-align: center;\"><strong>PROGRAM KONFERENCJI:<\/strong><\/p>\n<p style=\"text-align: justify;\">21 marca (czwartek) \u2013 Zesp\u00f3\u0142 Szk\u00f3\u0142 Ponadgimnazjalnych w S\u0142upsku ul. Przemys\u0142owa 100<br \/>\n<strong>9.30 \u2013 10.00<\/strong> - rejestracja uczestnik\u00f3w, rozpocz\u0119cie konferencji<br \/>\n<strong>10.00 \u2013 11.45<\/strong><br \/>\n1. \u201eWsp\u00f3\u0142praca z samorz\u0105dem oraz organizacjami lokalnymi. Twoja plac\u00f3wka na rynku us\u0142ug edukacyjnych \u2013 praktyczne rozwi\u0105zania\u201d.<br \/>\nPanel poprowadzi Ewa Szymanek \u2013 P\u0142aska, wieloletni nauczyciel,<br \/>\nedukator, wyk\u0142adowca akademicki, szkoleniowiec o\u015bwiatowych kadr<br \/>\nzarz\u0105dzaj\u0105cych. Zwi\u0105zana z o\u015bwiat\u0105 od 26 lat. Od 10 lat zajmuje si\u0119<br \/>\norganizacj\u0105 pracy szk\u00f3\u0142 i plac\u00f3wek o\u015bwiatowych w samorz\u0105dzie terytorialnym oraz wsp\u00f3\u0142prac\u0105 z organizacjami wspieraj\u0105cymi szko\u0142\u0119.<br \/>\n<strong>11.45 \u2013 12.00<\/strong> - przerwa kawowa<br \/>\n<strong>12.00 \u2013 16.30<\/strong> \/ w trakcie przerwa \u2013 pocz\u0119stunek\/<br \/>\n2. \u201eZmiany w prawie o\u015bwiatowym\u201d. Panel poprowadzi dr. hab. Mateusz Pilich, adiunkt na Wydziale Prawa i Administracji Uniwersytetu Warszawskiego, cz\u0142onek Biura Studi\u00f3w i Analiz S\u0105du Najwy\u017cszego. W swojej praktyce prawnej pracowa\u0142 m.in. na stanowiskach zwi\u0105zanych z obs\u0142ug\u0105 prawn\u0105 podmiot\u00f3w prowadz\u0105cych dzia\u0142alno\u015b\u0107 w sektorze edukacji niepublicznej i publicznej. Autor licznych opracowa\u0144 z zakresu prawa m.in. \u201e Prawo o\u015bwiatowe oraz przepisy wprowadzaj\u0105ce. Komentarz\u201d.<\/p>\n<p style=\"text-align: justify;\">Oko\u0142o godz. 17. 00 - przejazd do \u201eDoliny Charlotty\u201d, Strzelinko 14 k\/S\u0142upska<br \/>\n<strong>19.00<\/strong> \u2013 bankiet w hotelu<\/p>\n<p style=\"text-align: justify;\">22 marca (pi\u0105tek) - \u201eDolina Charlotty\u201d<br \/>\n<strong>9.30 \u2013 10.30<\/strong><br \/>\n1. Walne Zebranie cz\u0142onk\u00f3w KFON<br \/>\n<strong>10.30 \u2013 15.00<\/strong> \/ w trakcie przerwa kawowa \/<br \/>\n2. \u201eUstawa o finansowaniu zada\u0144 o\u015bwiatowych\u201d. Panel poprowadzi Grzegorz Pochopie\u0144. Autor min. Ustawy o finansowaniu zada\u0144 o\u015bwiatowych, wcze\u015bniej przepis\u00f3w w zakresie tzw. dotacji przedszkolnej, tzw. dotacji podr\u0119cznikowej oraz dotacji dla szk\u00f3\u0142 i plac\u00f3wek nie samorz\u0105dowych. Nieocenione do\u015bwiadczenie w obszarze finansowania o\u015bwiaty, wiedza z zakresu analiz oraz wieloletnia wsp\u00f3\u0142praca z samorz\u0105dami, szko\u0142ami i instytucjami o\u015bwiatowymi.<\/p>\n<p style=\"text-align: justify;\"><strong>15.00<\/strong> - obiad i zako\u0144czenie konferencji.<\/p>\n","protected":false},"excerpt":{"rendered":"<p>Konferencja KFON: \u201eCo niepokoi w o\u015bwiacie\u2026\u201d Konferencja KFON: \u201eCo niepokoi w o\u015bwiacie\u2026\u201d, odby\u0142a si\u0119 w dniach\u00a021\u201322 marca 2019 r., S\u0142upsku.Zorganizowana zosta\u0142a przez Zesp\u00f3\u0142 Szk\u00f3\u0142 Ponadgimnazjalnych w S\u0142upsku ul. Przemys\u0142owa 100 oraz\u00a0Fundacje Edu-Care Ma\u0142gorzaty Iwa\u0144skiej. Podczas pierwszego dnia konferencji poruszony zosta\u0142 temat \u201eWsp\u00f3\u0142pracy z samorz\u0105dem oraz organizacjami lokalnymi. Twoja plac\u00f3wka na rynku us\u0142ug edukacyjnych \u2013 praktyczne <a href=\"http:\/\/edu-care.pl\/?page_id=21\" class=\"more-link\">Czytaj dalej...<span class=\"screen-reader-text\"> \"Konferencja\"<\/span><\/a><\/p>\n","protected":false},"author":1,"featured_media":0,"parent":0,"menu_order":0,"comment_status":"closed","ping_status":"closed","template":"","meta":[],"_links":{"self":[{"href":"http:\/\/edu-care.pl\/index.php?rest_route=\/wp\/v2\/pages\/21"}],"collection":[{"href":"http:\/\/edu-care.pl\/index.php?rest_route=\/wp\/v2\/pages"}],"about":[{"href":"http:\/\/edu-care.pl\/index.php?rest_route=\/wp\/v2\/types\/page"}],"author":[{"embeddable":true,"href":"http:\/\/edu-care.pl\/index.php?rest_route=\/wp\/v2\/users\/1"}],"replies":[{"embeddable":true,"href":"http:\/\/edu-care.pl\/index.php?rest_route=%2Fwp%2Fv2%2Fcomments&post=21"}],"version-history":[{"count":6,"href":"http:\/\/edu-care.pl\/index.php?rest_route=\/wp\/v2\/pages\/21\/revisions"}],"predecessor-version":[{"id":64,"href":"http:\/\/edu-care.pl\/index.php?rest_route=\/wp\/v2\/pages\/21\/revisions\/64"}],"wp:attachment":[{"href":"http:\/\/edu-care.pl\/index.php?rest_route=%2Fwp%2Fv2%2Fmedia&parent=21"}],"curies":[{"name":"wp","href":"https:\/\/api.w.org\/{rel}","templated":true}]}}