{"id":257,"date":"2021-12-14T07:03:20","date_gmt":"2021-12-14T07:03:20","guid":{"rendered":"http:\/\/edu-care.pl\/?page_id=257"},"modified":"2021-12-14T07:04:06","modified_gmt":"2021-12-14T07:04:06","slug":"deklaracja-dostepnosci","status":"publish","type":"page","link":"http:\/\/edu-care.pl\/?page_id=257","title":{"rendered":"Deklaracja dost\u0119pno\u015bci"},"content":{"rendered":"\n<p><strong>1. W zakresie dost\u0119pno\u015bci architektonicznej:<\/strong><\/p>\n\n\n\n<p>Siedziba Fundacji znajduje si\u0119 w czterokondygnacyjnym budynku w S\u0142upsku przy ulicy Przemys\u0142owej 100<\/p>\n\n\n\n<p>W budynku wyst\u0119puj\u0105 nast\u0119puj\u0105ce bariery:<\/p>\n\n\n\n<p>- schody,<\/p>\n\n\n\n<p>- brak windy w budynku,<\/p>\n\n\n\n<p>- brak toalet dla os\u00f3b niepe\u0142nosprawnych,<\/p>\n\n\n\n<p>- ograniczenia w ci\u0105gach komunikacyjnych.<\/p>\n\n\n\n<p>Udogodnienia:<\/p>\n\n\n\n<p>- zapewniony jest wst\u0119p do budynku osobie korzystaj\u0105cej z psa asystuj\u0105cego, o kt\u00f3rym mowa w art. 2 pkt 11 ustawy z dnia 27 sierpnia 1997 r. o rehabilitacji zawodowej i spo\u0142ecznej oraz zatrudnianiu os\u00f3b niepe\u0142nosprawnych (Dz. U. z 2020 r. poz. 426, 568 i 875),<\/p>\n\n\n\n<p>- miejsce parkingowe w bezpo\u015bredniej blisko\u015bci wej\u015bcia do budynku.<\/p>\n\n\n\n<p><strong>2. W zakresie dost\u0119pno\u015bci cyfrowej:<\/strong><\/p>\n\n\n\n<p>Witryna internetowa: http:\/\/edu-care.pl\/<\/p>\n\n\n\n<p>\u2022\u00a0\u00a0\u00a0\u00a0\u00a0\u00a0\u00a0\u00a0 Data publikacji strony internetowej: 15.12.2019<\/p>\n\n\n\n<p>\u2022\u00a0\u00a0\u00a0\u00a0\u00a0\u00a0\u00a0\u00a0 Data ostatniej istotnej aktualizacji: 14.12.2021<\/p>\n\n\n\n<p>Strona internetowa Fundacji jest dost\u0119pna dla os\u00f3b o szczeg\u00f3lnych potrzebach. Administrator strony umo\u017cliwia regulacj\u0119 kontrastu oraz wielko\u015bci czcionki od strony u\u017cytkownika.<\/p>\n\n\n\n<p><strong>3. W zakresie dost\u0119pno\u015bci informacyjno-komunikacyjnej:<\/strong><\/p>\n\n\n\n<p>- Fundacja zapewnia na wniosek osoby zainteresowanej mo\u017cliwo\u015b\u0107 komunikacji w spos\u00f3b okre\u015blony we wniosku w tym za pomoc\u0105 t\u0142umacza j\u0119zyka migowego.<\/p>\n\n\n\n<p>Fundacja zapewnia dost\u0119p alternatywny poprzez zapewnienie osobom ze szczeg\u00f3lnymi potrzebami wsparcia innej osoby.<\/p>\n\n\n\n<p>Przygotowanie deklaracji w sprawie dost\u0119pno\u015bci<\/p>\n\n\n\n<p>\u2022&nbsp;&nbsp;&nbsp;&nbsp;&nbsp;&nbsp;&nbsp;&nbsp; Deklaracj\u0119 sporz\u0105dzono dnia: 13.12.2021<\/p>\n\n\n\n<p>Deklaracj\u0119 sporz\u0105dzono na podstawie samooceny.<\/p>\n\n\n\n<p>Informacje zwrotne i dane kontaktowe<\/p>\n\n\n\n<p>\u2022&nbsp;&nbsp;&nbsp;&nbsp;&nbsp;&nbsp;&nbsp;&nbsp; Za rozpatrywanie uwag i wniosk\u00f3w odpowiada: Ma\u0142gorzata Iwa\u0144ska<\/p>\n\n\n\n<p>\u2022&nbsp;&nbsp;&nbsp;&nbsp;&nbsp;&nbsp;&nbsp;&nbsp; E-mail: educare.slupsk@gmail.com<\/p>\n\n\n\n<p>\u2022&nbsp;&nbsp;&nbsp;&nbsp;&nbsp;&nbsp;&nbsp;&nbsp; Telefon: 59 8400666<\/p>\n\n\n\n<p>Ka\u017cdy ma prawo:<\/p>\n\n\n\n<p>\u2022&nbsp;&nbsp;&nbsp;&nbsp;&nbsp;&nbsp;&nbsp;&nbsp; zg\u0142osi\u0107 uwagi dotycz\u0105ce dost\u0119pno\u015bci cyfrowej strony lub jej elementu,<\/p>\n\n\n\n<p>\u2022&nbsp;&nbsp;&nbsp;&nbsp;&nbsp;&nbsp;&nbsp;&nbsp; zg\u0142osi\u0107 \u017c\u0105danie zapewnienia dost\u0119pno\u015bci cyfrowej strony lub jej elementu,<\/p>\n\n\n\n<p>\u2022&nbsp;&nbsp;&nbsp;&nbsp;&nbsp;&nbsp;&nbsp;&nbsp; wnioskowa\u0107 o udost\u0119pnienie niedost\u0119pnej informacji w innej alternatywnej formie.<\/p>\n\n\n\n<p>\u017b\u0105danie musi zawiera\u0107:<\/p>\n\n\n\n<p>\u2022&nbsp;&nbsp;&nbsp;&nbsp;&nbsp;&nbsp;&nbsp;&nbsp; dane kontaktowe osoby zg\u0142aszaj\u0105cej,<\/p>\n\n\n\n<p>\u2022&nbsp;&nbsp;&nbsp;&nbsp;&nbsp;&nbsp;&nbsp;&nbsp; wskazanie strony lub elementu strony, kt\u00f3rej dotyczy \u017c\u0105danie,<\/p>\n\n\n\n<p>\u2022&nbsp;&nbsp;&nbsp;&nbsp;&nbsp;&nbsp;&nbsp;&nbsp; wskazanie dogodnej formy udost\u0119pnienia informacji, je\u015bli \u017c\u0105danie dotyczy udost\u0119pnienia w formie alternatywnej informacji niedost\u0119pnej.<\/p>\n\n\n\n<p>Rozpatrzenie zg\u0142oszenia powinno nast\u0105pi\u0107 niezw\u0142ocznie, najp\u00f3\u017aniej w ci\u0105gu 7 dni. Je\u015bli w tym terminie zapewnienie dost\u0119pno\u015bci albo zapewnienie dost\u0119pu w alternatywnej formie nie jest mo\u017cliwe, powinno nast\u0105pi\u0107 najdalej w ci\u0105gu 2 miesi\u0119cy od daty zg\u0142oszenia.<\/p>\n\n\n\n<p>Skargi i odwo\u0142ania<\/p>\n\n\n\n<p>Skarg\u0119 mo\u017cna z\u0142o\u017cy\u0107 r\u00f3wnie\u017c do Rzecznika Praw Obywatelskich.<\/p>\n","protected":false},"excerpt":{"rendered":"<p>1. W zakresie dost\u0119pno\u015bci architektonicznej: Siedziba Fundacji znajduje si\u0119 w czterokondygnacyjnym budynku w S\u0142upsku przy ulicy Przemys\u0142owej 100 W budynku wyst\u0119puj\u0105 nast\u0119puj\u0105ce bariery: - schody, - brak windy w budynku, - brak toalet dla os\u00f3b niepe\u0142nosprawnych, - ograniczenia w ci\u0105gach komunikacyjnych. Udogodnienia: - zapewniony jest wst\u0119p do budynku osobie korzystaj\u0105cej z psa asystuj\u0105cego, o kt\u00f3rym <a href=\"http:\/\/edu-care.pl\/?page_id=257\" class=\"more-link\">Czytaj dalej...<span class=\"screen-reader-text\"> \"Deklaracja dost\u0119pno\u015bci\"<\/span><\/a><\/p>\n","protected":false},"author":1,"featured_media":0,"parent":0,"menu_order":0,"comment_status":"closed","ping_status":"closed","template":"","meta":[],"_links":{"self":[{"href":"http:\/\/edu-care.pl\/index.php?rest_route=\/wp\/v2\/pages\/257"}],"collection":[{"href":"http:\/\/edu-care.pl\/index.php?rest_route=\/wp\/v2\/pages"}],"about":[{"href":"http:\/\/edu-care.pl\/index.php?rest_route=\/wp\/v2\/types\/page"}],"author":[{"embeddable":true,"href":"http:\/\/edu-care.pl\/index.php?rest_route=\/wp\/v2\/users\/1"}],"replies":[{"embeddable":true,"href":"http:\/\/edu-care.pl\/index.php?rest_route=%2Fwp%2Fv2%2Fcomments&post=257"}],"version-history":[{"count":2,"href":"http:\/\/edu-care.pl\/index.php?rest_route=\/wp\/v2\/pages\/257\/revisions"}],"predecessor-version":[{"id":259,"href":"http:\/\/edu-care.pl\/index.php?rest_route=\/wp\/v2\/pages\/257\/revisions\/259"}],"wp:attachment":[{"href":"http:\/\/edu-care.pl\/index.php?rest_route=%2Fwp%2Fv2%2Fmedia&parent=257"}],"curies":[{"name":"wp","href":"https:\/\/api.w.org\/{rel}","templated":true}]}}